{"id":2398,"date":"2021-08-10T09:13:55","date_gmt":"2021-08-10T08:13:55","guid":{"rendered":"https:\/\/fontainefifthwheel.com\/\/?page_id=2398"},"modified":"2023-11-10T10:37:27","modified_gmt":"2023-11-10T10:37:27","slug":"pieces-detachees","status":"publish","type":"page","link":"https:\/\/fontainefifthwheel.com\/fr\/pieces-detachees\/","title":{"rendered":"Pi\u00e8ces d\u00e9tach\u00e9es Fontaine"},"content":{"rendered":"","protected":false},"excerpt":{"rendered":"","protected":false},"author":1,"featured_media":2272,"parent":0,"menu_order":4,"comment_status":"closed","ping_status":"closed","template":"page_template-shop.php","meta":{"_acf_changed":false,"_relevanssi_hide_post":"","_relevanssi_hide_content":"","_relevanssi_pin_for_all":"","_relevanssi_pin_keywords":"","_relevanssi_unpin_keywords":"","_relevanssi_related_keywords":"","_relevanssi_related_include_ids":"","_relevanssi_related_exclude_ids":"","_relevanssi_related_no_append":"","_relevanssi_related_not_related":"","_relevanssi_related_posts":"","_relevanssi_noindex_reason":"","footnotes":""},"class_list":["post-2398","page","type-page","status-publish","has-post-thumbnail","hentry"],"acf":[],"_links":{"self":[{"href":"https:\/\/fontainefifthwheel.com\/fr\/wp-json\/wp\/v2\/pages\/2398","targetHints":{"allow":["GET"]}}],"collection":[{"href":"https:\/\/fontainefifthwheel.com\/fr\/wp-json\/wp\/v2\/pages"}],"about":[{"href":"https:\/\/fontainefifthwheel.com\/fr\/wp-json\/wp\/v2\/types\/page"}],"author":[{"embeddable":true,"href":"https:\/\/fontainefifthwheel.com\/fr\/wp-json\/wp\/v2\/users\/1"}],"replies":[{"embeddable":true,"href":"https:\/\/fontainefifthwheel.com\/fr\/wp-json\/wp\/v2\/comments?post=2398"}],"version-history":[{"count":12,"href":"https:\/\/fontainefifthwheel.com\/fr\/wp-json\/wp\/v2\/pages\/2398\/revisions"}],"predecessor-version":[{"id":3125,"href":"https:\/\/fontainefifthwheel.com\/fr\/wp-json\/wp\/v2\/pages\/2398\/revisions\/3125"}],"wp:featuredmedia":[{"embeddable":true,"href":"https:\/\/fontainefifthwheel.com\/fr\/wp-json\/wp\/v2\/media\/2272"}],"wp:attachment":[{"href":"https:\/\/fontainefifthwheel.com\/fr\/wp-json\/wp\/v2\/media?parent=2398"}],"curies":[{"name":"wp","href":"https:\/\/api.w.org\/{rel}","templated":true}]}}