{"id":858,"date":"2018-06-21T15:51:03","date_gmt":"2018-06-21T14:51:03","guid":{"rendered":"https:\/\/fontainefifthwheel.com\/\/contacts-and-distributors\/"},"modified":"2023-10-25T10:33:47","modified_gmt":"2023-10-25T09:33:47","slug":"contacts-distributeurs","status":"publish","type":"page","link":"https:\/\/fontainefifthwheel.com\/fr\/contacts-distributeurs\/","title":{"rendered":"Contacts &amp; Distributeurs"},"content":{"rendered":"<p>Fontaine Fifth Wheel Europe<br \/>\nEnterprise Way<br \/>\nLowton WA3 2AG<br \/>\nUnited Kingdom<\/p>\n<h5>Renseignements g\u00e9n\u00e9raux<\/h5>\n<p>+44 (0)1942 686 000<br \/>\n<a href=\"mailto:info@fontainefifthwheel.com\">info@fontainefifthwheel.com<\/a><br \/>\n<a href=\"mailto:sales@fontainefifthwheel.com\">sales@fontainefifthwheel.com<\/a><\/p>\n<h5>Service apr\u00e8s-vente UK<\/h5>\n<p>+44 (0)1942 686 001<\/p>\n<h5>Service vente transporteur UK<\/h5>\n<p>+ 44 (0)7880 791 252<\/p>\n<h5>Vente et pi\u00e8ces d\u00e9tach\u00e9es Europe<\/h5>\n<p>+ 49 (0)211 179660-282<\/p>\n","protected":false},"excerpt":{"rendered":"<p>Fontaine Fifth Wheel Europe Enterprise Way Lowton WA3 2AG United Kingdom Renseignements g\u00e9n\u00e9raux +44 (0)1942 686 000 info@fontainefifthwheel.com sales@fontainefifthwheel.com Service apr\u00e8s-vente UK +44 (0)1942 686 001 Service vente transporteur UK + 44 (0)7880 791 252 Vente et pi\u00e8ces d\u00e9tach\u00e9es Europe + 49 (0)211 179660-282<\/p>\n","protected":false},"author":1,"featured_media":455,"parent":0,"menu_order":4,"comment_status":"closed","ping_status":"closed","template":"page_template-contact.php","meta":{"_acf_changed":false,"_relevanssi_hide_post":"","_relevanssi_hide_content":"","_relevanssi_pin_for_all":"","_relevanssi_pin_keywords":"","_relevanssi_unpin_keywords":"","_relevanssi_related_keywords":"","_relevanssi_related_include_ids":"","_relevanssi_related_exclude_ids":"","_relevanssi_related_no_append":"","_relevanssi_related_not_related":"","_relevanssi_related_posts":"","_relevanssi_noindex_reason":"","footnotes":""},"class_list":["post-858","page","type-page","status-publish","has-post-thumbnail","hentry"],"acf":[],"_links":{"self":[{"href":"https:\/\/fontainefifthwheel.com\/fr\/wp-json\/wp\/v2\/pages\/858","targetHints":{"allow":["GET"]}}],"collection":[{"href":"https:\/\/fontainefifthwheel.com\/fr\/wp-json\/wp\/v2\/pages"}],"about":[{"href":"https:\/\/fontainefifthwheel.com\/fr\/wp-json\/wp\/v2\/types\/page"}],"author":[{"embeddable":true,"href":"https:\/\/fontainefifthwheel.com\/fr\/wp-json\/wp\/v2\/users\/1"}],"replies":[{"embeddable":true,"href":"https:\/\/fontainefifthwheel.com\/fr\/wp-json\/wp\/v2\/comments?post=858"}],"version-history":[{"count":4,"href":"https:\/\/fontainefifthwheel.com\/fr\/wp-json\/wp\/v2\/pages\/858\/revisions"}],"predecessor-version":[{"id":3031,"href":"https:\/\/fontainefifthwheel.com\/fr\/wp-json\/wp\/v2\/pages\/858\/revisions\/3031"}],"wp:featuredmedia":[{"embeddable":true,"href":"https:\/\/fontainefifthwheel.com\/fr\/wp-json\/wp\/v2\/media\/455"}],"wp:attachment":[{"href":"https:\/\/fontainefifthwheel.com\/fr\/wp-json\/wp\/v2\/media?parent=858"}],"curies":[{"name":"wp","href":"https:\/\/api.w.org\/{rel}","templated":true}]}}