{"id":2426,"date":"2021-05-12T16:40:41","date_gmt":"2021-08-10T08:26:54","guid":{"rendered":"https:\/\/fontainefifthwheel.com\/\/?post_type=product&#038;p=2426"},"modified":"2024-01-03T18:16:56","modified_gmt":"2024-01-03T18:16:56","slug":"release-handle-kit-135sf-150sf","status":"publish","type":"product","link":"https:\/\/fontainefifthwheel.com\/fr\/spare-parts\/release-handle-kit-135sf-150sf\/","title":{"rendered":"Kit de r\u00e9paration poign\u00e9e (poign\u00e9e, levier et vis) 135SF \/ 150SF"},"content":{"rendered":"","protected":false},"excerpt":{"rendered":"","protected":false},"featured_media":2317,"template":"","meta":{"_acf_changed":false,"_relevanssi_hide_post":"","_relevanssi_hide_content":"","_relevanssi_pin_for_all":"","_relevanssi_pin_keywords":"","_relevanssi_unpin_keywords":"","_relevanssi_related_keywords":"","_relevanssi_related_include_ids":"","_relevanssi_related_exclude_ids":"","_relevanssi_related_no_append":"","_relevanssi_related_not_related":"","_relevanssi_related_posts":"","_relevanssi_noindex_reason":""},"product_brand":[],"product_cat":[44],"product_tag":[],"class_list":{"0":"post-2426","1":"product","2":"type-product","3":"status-publish","4":"has-post-thumbnail","6":"product_cat-sliding-fifth-wheel-spare-parts-fr","8":"first","9":"instock","10":"shipping-taxable","11":"purchasable","12":"product-type-simple"},"acf":[],"_links":{"self":[{"href":"https:\/\/fontainefifthwheel.com\/fr\/wp-json\/wp\/v2\/product\/2426","targetHints":{"allow":["GET"]}}],"collection":[{"href":"https:\/\/fontainefifthwheel.com\/fr\/wp-json\/wp\/v2\/product"}],"about":[{"href":"https:\/\/fontainefifthwheel.com\/fr\/wp-json\/wp\/v2\/types\/product"}],"wp:featuredmedia":[{"embeddable":true,"href":"https:\/\/fontainefifthwheel.com\/fr\/wp-json\/wp\/v2\/media\/2317"}],"wp:attachment":[{"href":"https:\/\/fontainefifthwheel.com\/fr\/wp-json\/wp\/v2\/media?parent=2426"}],"wp:term":[{"taxonomy":"product_brand","embeddable":true,"href":"https:\/\/fontainefifthwheel.com\/fr\/wp-json\/wp\/v2\/product_brand?post=2426"},{"taxonomy":"product_cat","embeddable":true,"href":"https:\/\/fontainefifthwheel.com\/fr\/wp-json\/wp\/v2\/product_cat?post=2426"},{"taxonomy":"product_tag","embeddable":true,"href":"https:\/\/fontainefifthwheel.com\/fr\/wp-json\/wp\/v2\/product_tag?post=2426"}],"curies":[{"name":"wp","href":"https:\/\/api.w.org\/{rel}","templated":true}]}}