{"id":2942,"date":"2023-07-11T15:55:17","date_gmt":"2023-07-11T14:55:17","guid":{"rendered":"https:\/\/fontainefifthwheel.com\/?post_type=product&#038;p=2942"},"modified":"2025-08-05T12:54:29","modified_gmt":"2025-08-05T11:54:29","slug":"heavy-duty-top-plate-170ci-extended-handle","status":"publish","type":"product","link":"https:\/\/fontainefifthwheel.com\/fr\/spare-parts\/heavy-duty-top-plate-170ci-extended-handle\/","title":{"rendered":"Plaque sup\u00e9rieure pour charges lourdes 170CI avec poign\u00e9e rallong\u00e9e"},"content":{"rendered":"","protected":false},"excerpt":{"rendered":"","protected":false},"featured_media":2943,"template":"","meta":{"_acf_changed":false,"_relevanssi_hide_post":"","_relevanssi_hide_content":"","_relevanssi_pin_for_all":"","_relevanssi_pin_keywords":"","_relevanssi_unpin_keywords":"","_relevanssi_related_keywords":"","_relevanssi_related_include_ids":"","_relevanssi_related_exclude_ids":"","_relevanssi_related_no_append":"","_relevanssi_related_not_related":"","_relevanssi_related_posts":"","_relevanssi_noindex_reason":""},"product_brand":[],"product_cat":[65],"product_tag":[],"class_list":{"0":"post-2942","1":"product","2":"type-product","3":"status-publish","4":"has-post-thumbnail","6":"product_cat-170ci-cast-fifth-wheel-fr","8":"first","9":"instock","10":"shipping-taxable","11":"purchasable","12":"product-type-simple"},"acf":[],"_links":{"self":[{"href":"https:\/\/fontainefifthwheel.com\/fr\/wp-json\/wp\/v2\/product\/2942","targetHints":{"allow":["GET"]}}],"collection":[{"href":"https:\/\/fontainefifthwheel.com\/fr\/wp-json\/wp\/v2\/product"}],"about":[{"href":"https:\/\/fontainefifthwheel.com\/fr\/wp-json\/wp\/v2\/types\/product"}],"wp:featuredmedia":[{"embeddable":true,"href":"https:\/\/fontainefifthwheel.com\/fr\/wp-json\/wp\/v2\/media\/2943"}],"wp:attachment":[{"href":"https:\/\/fontainefifthwheel.com\/fr\/wp-json\/wp\/v2\/media?parent=2942"}],"wp:term":[{"taxonomy":"product_brand","embeddable":true,"href":"https:\/\/fontainefifthwheel.com\/fr\/wp-json\/wp\/v2\/product_brand?post=2942"},{"taxonomy":"product_cat","embeddable":true,"href":"https:\/\/fontainefifthwheel.com\/fr\/wp-json\/wp\/v2\/product_cat?post=2942"},{"taxonomy":"product_tag","embeddable":true,"href":"https:\/\/fontainefifthwheel.com\/fr\/wp-json\/wp\/v2\/product_tag?post=2942"}],"curies":[{"name":"wp","href":"https:\/\/api.w.org\/{rel}","templated":true}]}}